{"id":61,"date":"2018-08-10T09:13:29","date_gmt":"2018-08-10T09:13:29","guid":{"rendered":"http:\/\/physiklaboranten.wp.bs.fraunhofer.de\/?page_id=61"},"modified":"2021-12-02T12:08:58","modified_gmt":"2021-12-02T12:08:58","slug":"infothek","status":"publish","type":"page","link":"https:\/\/physiklaboranten.de\/?page_id=61","title":{"rendered":"Infothek"},"content":{"rendered":"\n<figure class=\"wp-block-table\"><table><tbody><tr><td>Diese Kategorie enth\u00e4lt die Weblinks der drei Institutionen IST, PTB und TU.<\/td><\/tr><\/tbody><\/table><\/figure>\n\n\n\n<ul class=\"wp-block-list\"><li><a rel=\"noreferrer noopener\" href=\"https:\/\/physiklaboranten.de\/?page_id=316\" target=\"_blank\">Fraunhofer-Gesellschaft &#8211; Physiklaborantenausbildung<\/a> (10)<\/li><li><a rel=\"noreferrer noopener\" href=\"https:\/\/physiklaboranten.de\/?page_id=325\" target=\"_blank\">Institut f\u00fcr Schicht- und Oberfl\u00e4chentechnik IST<\/a>\u00a0(3)<\/li><li><a rel=\"noreferrer noopener\" href=\"https:\/\/physiklaboranten.de\/?page_id=528\" target=\"_blank\">Physikalisch-Technische Bundesanstalt PTB<\/a> (2)<\/li><li><a rel=\"noreferrer noopener\" href=\"https:\/\/physiklaboranten.de\/?page_id=538\" target=\"_blank\">Technische Universit\u00e4t Braunschweig<\/a><a href=\"http:\/\/physiklaboranten.de\/weblinks-physiklaborantende\/53-technische-universitaet-braunschweig-\"> <\/a>(3)<\/li><li><a href=\"https:\/\/physiklaboranten.de\/?page_id=558\" target=\"_blank\" rel=\"noreferrer noopener\">N\u00fctzliche Links f\u00fcr die Ausbildung<\/a> (3)<\/li><\/ul>\n\n\n\n<p><\/p>\n","protected":false},"excerpt":{"rendered":"<p>Diese Kategorie enth\u00e4lt die Weblinks der drei Institutionen IST, PTB und TU. Fraunhofer-Gesellschaft &#8211; Physiklaborantenausbildung (10) Institut f\u00fcr Schicht- und Oberfl\u00e4chentechnik IST\u00a0(3) Physikalisch-Technische Bundesanstalt PTB (2) Technische Universit\u00e4t Braunschweig (3) N\u00fctzliche Links f\u00fcr die Ausbildung (3)<\/p>\n","protected":false},"author":8,"featured_media":0,"parent":0,"menu_order":0,"comment_status":"closed","ping_status":"closed","template":"","meta":{"footnotes":""},"class_list":["post-61","page","type-page","status-publish","hentry"],"_links":{"self":[{"href":"https:\/\/physiklaboranten.de\/index.php?rest_route=\/wp\/v2\/pages\/61","targetHints":{"allow":["GET"]}}],"collection":[{"href":"https:\/\/physiklaboranten.de\/index.php?rest_route=\/wp\/v2\/pages"}],"about":[{"href":"https:\/\/physiklaboranten.de\/index.php?rest_route=\/wp\/v2\/types\/page"}],"author":[{"embeddable":true,"href":"https:\/\/physiklaboranten.de\/index.php?rest_route=\/wp\/v2\/users\/8"}],"replies":[{"embeddable":true,"href":"https:\/\/physiklaboranten.de\/index.php?rest_route=%2Fwp%2Fv2%2Fcomments&post=61"}],"version-history":[{"count":14,"href":"https:\/\/physiklaboranten.de\/index.php?rest_route=\/wp\/v2\/pages\/61\/revisions"}],"predecessor-version":[{"id":811,"href":"https:\/\/physiklaboranten.de\/index.php?rest_route=\/wp\/v2\/pages\/61\/revisions\/811"}],"wp:attachment":[{"href":"https:\/\/physiklaboranten.de\/index.php?rest_route=%2Fwp%2Fv2%2Fmedia&parent=61"}],"curies":[{"name":"wp","href":"https:\/\/api.w.org\/{rel}","templated":true}]}}