{"id":538,"date":"2019-04-04T07:14:09","date_gmt":"2019-04-04T07:14:09","guid":{"rendered":"http:\/\/physiklaboranten.wp.bs.fraunhofer.de\/?page_id=538"},"modified":"2021-12-07T09:36:27","modified_gmt":"2021-12-07T09:36:27","slug":"technische-universitaet-braunschweig","status":"publish","type":"page","link":"https:\/\/physiklaboranten.de\/?page_id=538","title":{"rendered":"Technische Universit\u00e4t Braunschweig"},"content":{"rendered":"\n<hr class=\"wp-block-separator is-style-wide\" \/>\n\n\n\n<p>Links der Technischen Universit\u00e4t Braunschweig<\/p>\n\n\n\n<hr class=\"wp-block-separator is-style-wide\" \/>\n\n\n\n<ol class=\"wp-block-list\"><li><a rel=\"noreferrer noopener\" href=\"https:\/\/www.tu-braunschweig.de\/\" target=\"_blank\">Technische Universit\u00e4t Braunschweig<\/a><\/li><li> <a rel=\"noreferrer noopener\" href=\"https:\/\/www.tu-braunschweig.de\/ipkm\" target=\"_blank\">Institut f\u00fcr Physik der kondensierten Materie <\/a><br> Das Institut der TU Braunschweig f\u00fcr die Ausbildung der Physiklaboranten  <\/li><li><a rel=\"noreferrer noopener\" href=\"https:\/\/www.tu-braunschweig.de\/azubi\" target=\"_blank\">Informationen zu Ausbildungsberufen der Technischen Universit\u00e4t Braunschweig<\/a><\/li><\/ol>\n\n\n\n<p><\/p>\n","protected":false},"excerpt":{"rendered":"<p>Links der Technischen Universit\u00e4t Braunschweig Technische Universit\u00e4t Braunschweig Institut f\u00fcr Physik der kondensierten Materie Das Institut der TU Braunschweig f\u00fcr die Ausbildung der Physiklaboranten Informationen zu Ausbildungsberufen der Technischen Universit\u00e4t Braunschweig<\/p>\n","protected":false},"author":13,"featured_media":0,"parent":61,"menu_order":0,"comment_status":"closed","ping_status":"closed","template":"","meta":{"footnotes":""},"class_list":["post-538","page","type-page","status-publish","hentry"],"_links":{"self":[{"href":"https:\/\/physiklaboranten.de\/index.php?rest_route=\/wp\/v2\/pages\/538","targetHints":{"allow":["GET"]}}],"collection":[{"href":"https:\/\/physiklaboranten.de\/index.php?rest_route=\/wp\/v2\/pages"}],"about":[{"href":"https:\/\/physiklaboranten.de\/index.php?rest_route=\/wp\/v2\/types\/page"}],"author":[{"embeddable":true,"href":"https:\/\/physiklaboranten.de\/index.php?rest_route=\/wp\/v2\/users\/13"}],"replies":[{"embeddable":true,"href":"https:\/\/physiklaboranten.de\/index.php?rest_route=%2Fwp%2Fv2%2Fcomments&post=538"}],"version-history":[{"count":12,"href":"https:\/\/physiklaboranten.de\/index.php?rest_route=\/wp\/v2\/pages\/538\/revisions"}],"predecessor-version":[{"id":823,"href":"https:\/\/physiklaboranten.de\/index.php?rest_route=\/wp\/v2\/pages\/538\/revisions\/823"}],"up":[{"embeddable":true,"href":"https:\/\/physiklaboranten.de\/index.php?rest_route=\/wp\/v2\/pages\/61"}],"wp:attachment":[{"href":"https:\/\/physiklaboranten.de\/index.php?rest_route=%2Fwp%2Fv2%2Fmedia&parent=538"}],"curies":[{"name":"wp","href":"https:\/\/api.w.org\/{rel}","templated":true}]}}