{"id":51,"date":"2018-08-10T08:55:32","date_gmt":"2018-08-10T08:55:32","guid":{"rendered":"http:\/\/physiklaboranten.wp.bs.fraunhofer.de\/?page_id=51"},"modified":"2023-08-18T09:58:42","modified_gmt":"2023-08-18T09:58:42","slug":"bewerbung-ptb-braunschweig","status":"publish","type":"page","link":"https:\/\/physiklaboranten.de\/?page_id=51","title":{"rendered":"Bewerbung PTB Braunschweig"},"content":{"rendered":"\n<p>Bei uns kommt die Zeit aus Atomuhren, werden L\u00e4ngen auch tief in der Nanowelt gemessen und einzelne Elektronen gez\u00e4hlt, um die Stromst\u00e4rke zu bestimmen.<br>Unsere Laboratorien kalibrieren Messger\u00e4te f\u00fcr h\u00f6chste Genauigkeitsanspr\u00fcche.<\/p>\n\n\n\n<p>Damit spielt die <a href=\"https:\/\/www.ptb.de\/cms\/de.html\" target=\"_blank\" rel=\"noreferrer noopener\">Physikalisch-Technische Bundesanstalt (PTB)<\/a> weltweit in der Champions League, wenn es um genaues Messen geht. Die Wissenschaft vom genauen Messen hei\u00dft Metrologie.<\/p>\n\n\n\n<h2 class=\"wp-block-heading\">Was Dich erwartet:<\/h2>\n\n\n\n<div class=\"wp-block-group\"><div class=\"wp-block-group__inner-container is-layout-flow wp-block-group-is-layout-flow\">\n<div class=\"wp-block-columns is-layout-flex wp-container-core-columns-is-layout-9d6595d7 wp-block-columns-is-layout-flex\">\n<div class=\"wp-block-column is-layout-flow wp-block-column-is-layout-flow\">\n<p>In unseren <a href=\"https:\/\/www.ptb.de\/cms\/de\/ueber-uns-karriere\/karriere\/azubi-start.html\" target=\"_blank\" rel=\"noreferrer noopener\">Ausbildungsbereichen<\/a> stehen Dir unsere Ausbilderinnen und Ausbilder zur Seite, die ihr Fachwissen an Dich weitergeben und Dich unterst\u00fctzen.<\/p>\n\n\n\n<p>Im ersten Ausbildungsjahr lernst Du anhand von Versuchen, Projektaufgaben und Lehrg\u00e4ngen die unterschiedlichen Teilgebiete der Physik kennen und erh\u00e4ltst dadurch die Grundlagen f\u00fcr Deine Ausbildung. Neben dem Experimentieren lernst Du Messdaten aufzunehmen, zu protokollieren und diese auszuwerten. Ab dem zweiten Ausbildungsjahr arbeitest Du direkt in den verschiedenen Laboratorien. Hier arbeitest Du Hand in Hand mit Fachkr\u00e4ften aus Wissenschaft und Technik und unterst\u00fctzt sie bei Messungen und Auswertungen, arbeitest an Anlagen und baust neue Messpl\u00e4tze auf oder optimierst sie. Deine Berufsschule ist die Johannes-Selenka-Schule in Braunschweig.<\/p>\n<\/div>\n<\/div>\n<\/div><\/div>\n\n\n\n<h2 class=\"wp-block-heading\">Was wir erwarten:<\/h2>\n\n\n\n<ul class=\"wp-block-list\"><li>Guter Realschulabschluss oder gleichwertiger Abschluss (oder h\u00f6her) <\/li><li>Du bist motiviert und wissbegierig<\/li><li>Du bist kreativ beim L\u00f6sen von technischen Problemen<\/li><li>Du bringst Dich gern in ein Team ein und tauschst Dich mit anderen aus<\/li><li>Du kannst sorgf\u00e4ltig und konzentriert arbeiten und bist verantwortungsvoll und zuverl\u00e4ssig.<\/li><li>Du hast ein gutes technisches Verst\u00e4ndnis, handwerkliches Geschick und hast Spa\u00df an Experimenten, wissenschaftlichen Fragestellungen und Mathematik<\/li><\/ul>\n\n\n\n<p><strong>Was wir Dir bieten:<\/strong><\/p>\n\n\n\n<ul class=\"wp-block-list\">\n<li>Du bekommst eine tarifliche Bezahlung nach dem Ausbildungsvertrag des \u00f6ffentlichen Dienstes <a rel=\"noreferrer noopener\" href=\"https:\/\/www.ptb.de\/cms\/fileadmin\/internet\/jobs_ausbildung\/stellenausschreibungen\/entgelte-auszubildende-praktikanten-ab_01-04-2021.pdf\" target=\"_blank\">TVA\u00f6D<\/a>. Die Verg\u00fctung ist nach Ausbildungsjahren gestaffelt.<\/li>\n\n\n\n<li>Du erh\u00e4ltst 30 Tage Erholungsurlaub, eine zus\u00e4tzliche Jahressonderzahlung und verm\u00f6genswirksame Leistungen.<\/li>\n\n\n\n<li>Die PTB ist zurzeit mit \u00fcber 1.500 Besch\u00e4ftigten eine der gr\u00f6\u00dften Arbeitgeberinnen in Braunschweig. Hier kannst Du Dich auch mit anderen Azubis austauschen.<\/li>\n\n\n\n<li>In unserer Kantine erh\u00e4ltst Du einen Zuschuss zum Essen.<\/li>\n\n\n\n<li>Du kannst uns gut mit dem Bus und dem Fahrrad erreichen oder parkst auf einem kostenlosen Parkplatz.<\/li>\n<\/ul>\n\n\n\n<p><strong>Was Du noch wissen solltest:<\/strong><\/p>\n\n\n\n<ul class=\"wp-block-list\">\n<li>Schwerbehinderte Menschen werden bei gleicher Eignung bevorzugt ber\u00fccksichtigt. Ein Mindestma\u00df an k\u00f6rperlicher Eignung bezogen auf die ausbildungsspezifischen Anforderungen sollte erf\u00fcllt sein.<\/li>\n\n\n\n<li>Die Verk\u00fcrzung Deiner Ausbildungsdauer ist unter bestimmten Voraussetzungen m\u00f6glich.<\/li>\n\n\n\n<li>Auf unserer <a rel=\"noreferrer noopener\" href=\"https:\/\/www.ptb.de\/cms\/ueber-uns-karriere\/karriere\/azubi-start.html\" target=\"_blank\">Berufsausbildungsseite <\/a>sind alle Informationen \u00fcber die PTB sowie detaillierte Beschreibungen zu den Ausbildungsberufen und Studieng\u00e4ngen zu finden.<\/li>\n<\/ul>\n\n\n\n<p>Ausbildungsort: Braunschweig, Bundesallee 100 <br>Ausbildungsbeginn: August oder September des jeweiligen Jahres  <br>Stellenzahl: 6 in jedem Jahr <\/p>\n\n\n\n<p>Bewerbungen sind <strong>bis Oktober eines Jahres<\/strong> f\u00fcr den Beginn einer Ausbildung im darauffolgendem Jahr einzureichen.<\/p>\n\n\n\n<p>Wir freuen uns auf Deine <a href=\"https:\/\/www.ptb.de\/cms\/de\/ueber-uns-karriere\/karriere\/azubi-start.html\" target=\"_blank\" rel=\"noreferrer noopener\">Bewerbung<\/a> und brauchen von Dir:<\/p>\n\n\n\n<ul class=\"wp-block-list\">\n<li>Bewerbungsschreiben <\/li>\n\n\n\n<li>Tabellarischer Lebenslauf <\/li>\n\n\n\n<li>Kopie der letzten beiden Zeugnisse der allgemeinbildenden Schulen <\/li>\n<\/ul>\n\n\n\n<p>Die PTB nimmt Bewerbungen nur \u00fcber unser <a href=\"https:\/\/www.ptb.de\/cms\/nc\/de\/ueber-uns-karriere\/karriere\/bms-stellen\/bms-formular.html?tx_jobmodul_pi2%5Bjob%5D=4501&amp;tx_jobmodul_pi2%5BlistBackPid%5D=11489&amp;tx_jobmodul_pi2%5BsingleBackPid%5D=3506&amp;L=0\" target=\"_blank\" rel=\"noreferrer noopener\">Online-Bewerbungsformular<\/a> entgegen.<\/p>\n\n\n\n<h2 class=\"wp-block-heading\">Weitergehende Fragen zur Bewerbung&nbsp;beantwortet Dir gern: <\/h2>\n\n\n\n<p>Herr Bernd Weihe (Fon: 05 31\/592-92 40, Mail:&nbsp;<a rel=\"noreferrer noopener\" href=\"mailto:bernd.weihe@ptb.de\" target=\"_blank\">bernd.weihe@ptb.de<\/a>)<\/p>\n\n\n\n<p><\/p>\n","protected":false},"excerpt":{"rendered":"<p>Bei uns kommt die Zeit aus Atomuhren, werden L\u00e4ngen auch tief in der Nanowelt gemessen und einzelne Elektronen gez\u00e4hlt, um die Stromst\u00e4rke zu bestimmen.Unsere Laboratorien kalibrieren Messger\u00e4te f\u00fcr h\u00f6chste Genauigkeitsanspr\u00fcche. Damit spielt die Physikalisch-Technische Bundesanstalt (PTB) weltweit in der Champions &hellip; <a href=\"https:\/\/physiklaboranten.de\/?page_id=51\">Weiterlesen <span class=\"meta-nav\">&rarr;<\/span><\/a><\/p>\n","protected":false},"author":16,"featured_media":0,"parent":47,"menu_order":0,"comment_status":"closed","ping_status":"closed","template":"","meta":{"footnotes":""},"class_list":["post-51","page","type-page","status-publish","hentry"],"_links":{"self":[{"href":"https:\/\/physiklaboranten.de\/index.php?rest_route=\/wp\/v2\/pages\/51","targetHints":{"allow":["GET"]}}],"collection":[{"href":"https:\/\/physiklaboranten.de\/index.php?rest_route=\/wp\/v2\/pages"}],"about":[{"href":"https:\/\/physiklaboranten.de\/index.php?rest_route=\/wp\/v2\/types\/page"}],"author":[{"embeddable":true,"href":"https:\/\/physiklaboranten.de\/index.php?rest_route=\/wp\/v2\/users\/16"}],"replies":[{"embeddable":true,"href":"https:\/\/physiklaboranten.de\/index.php?rest_route=%2Fwp%2Fv2%2Fcomments&post=51"}],"version-history":[{"count":22,"href":"https:\/\/physiklaboranten.de\/index.php?rest_route=\/wp\/v2\/pages\/51\/revisions"}],"predecessor-version":[{"id":1239,"href":"https:\/\/physiklaboranten.de\/index.php?rest_route=\/wp\/v2\/pages\/51\/revisions\/1239"}],"up":[{"embeddable":true,"href":"https:\/\/physiklaboranten.de\/index.php?rest_route=\/wp\/v2\/pages\/47"}],"wp:attachment":[{"href":"https:\/\/physiklaboranten.de\/index.php?rest_route=%2Fwp%2Fv2%2Fmedia&parent=51"}],"curies":[{"name":"wp","href":"https:\/\/api.w.org\/{rel}","templated":true}]}}