{"id":47,"date":"2018-08-10T08:55:09","date_gmt":"2018-08-10T08:55:09","guid":{"rendered":"http:\/\/physiklaboranten.wp.bs.fraunhofer.de\/?page_id=47"},"modified":"2023-08-18T09:52:21","modified_gmt":"2023-08-18T09:52:21","slug":"bewerbung","status":"publish","type":"page","link":"https:\/\/physiklaboranten.de\/?page_id=47","title":{"rendered":"Clever bewerben!"},"content":{"rendered":"\n<p>Sie interessieren sich f\u00fcr physikalisch-technische Fragestellungen und arbeiten gerne im Labor? Sie haben Spa\u00df daran, Messungen an Anlagen vorzunehmen und Daten auszuwerten? Mit einer guten Bewerbung legen sie den Grundstein f\u00fcr Ihre T\u00e4tigkeit als Physiklaborantin \/ Physiklaborant&nbsp;und schaffen die Voraussetzung, unsere Zukunft aktiv mitzugestalten. Auf diesen Seiten finden Sie Informationen \u00fcber die speziellen Bewerbungsvoraussetzungen der einzelnen Einrichtungen.<\/p>\n\n\n\n<p>Hilfreiche Tipps und Informationen zur Gestaltung einer Bewerbung bieten die Internetseiten der <a rel=\"noreferrer noopener\" href=\"https:\/\/www.arbeitsagentur.de\/privatpersonen\" target=\"_blank\">Bundesagentur f\u00fcr Arbeit<\/a> und\u00a0<a rel=\"noreferrer noopener\" href=\"http:\/\/www.aubi-plus.de\/\" target=\"_blank\">aubiplus<\/a>\u00a0sowie die <a rel=\"noreferrer noopener\" href=\"https:\/\/www.ihk.de\/braunschweig\/aus-und-weiterbildung\/ausbildung\/projekte\/ihk-ausbildungsmagazin-ready-2-start-4112888\" target=\"_blank\">Brosch\u00fcre \u201eReady-2-Start\u201d<\/a> auf den\u00a0Webseiten der <a href=\"https:\/\/www.ihk.de\/braunschweig\/\" target=\"_blank\" rel=\"noreferrer noopener\">Industrie- und Handelskammer Braunschweig<\/a>.<\/p>\n\n\n\n<h2 class=\"wp-block-heading\">Und so bewerben Sie sich bei uns:<\/h2>\n\n\n\n<ul class=\"wp-block-list\">\n<li><a href=\"https:\/\/physiklaboranten.de\/?page_id=257\" target=\"_blank\" rel=\"noreferrer noopener\">Fraunhofer-Institut f\u00fcr Schicht- und Oberfl\u00e4chentechnik IST<\/a><\/li>\n\n\n\n<li><a href=\"https:\/\/physiklaboranten.de\/?page_id=51\" target=\"_blank\" rel=\"noreferrer noopener\">Physikalisch-Technische Bundesanstalt PTB<\/a><\/li>\n\n\n\n<li><a href=\"https:\/\/physiklaboranten.de\/?page_id=53\" target=\"_blank\" rel=\"noreferrer noopener\">Technische Universit\u00e4t Braunschweig TU<\/a><\/li>\n<\/ul>\n\n\n\n<p><\/p>\n","protected":false},"excerpt":{"rendered":"<p>Sie interessieren sich f\u00fcr physikalisch-technische Fragestellungen und arbeiten gerne im Labor? Sie haben Spa\u00df daran, Messungen an Anlagen vorzunehmen und Daten auszuwerten? Mit einer guten Bewerbung legen sie den Grundstein f\u00fcr Ihre T\u00e4tigkeit als Physiklaborantin \/ Physiklaborant&nbsp;und schaffen die Voraussetzung, &hellip; <a href=\"https:\/\/physiklaboranten.de\/?page_id=47\">Weiterlesen <span class=\"meta-nav\">&rarr;<\/span><\/a><\/p>\n","protected":false},"author":8,"featured_media":0,"parent":0,"menu_order":0,"comment_status":"closed","ping_status":"closed","template":"","meta":{"footnotes":""},"class_list":["post-47","page","type-page","status-publish","hentry"],"_links":{"self":[{"href":"https:\/\/physiklaboranten.de\/index.php?rest_route=\/wp\/v2\/pages\/47","targetHints":{"allow":["GET"]}}],"collection":[{"href":"https:\/\/physiklaboranten.de\/index.php?rest_route=\/wp\/v2\/pages"}],"about":[{"href":"https:\/\/physiklaboranten.de\/index.php?rest_route=\/wp\/v2\/types\/page"}],"author":[{"embeddable":true,"href":"https:\/\/physiklaboranten.de\/index.php?rest_route=\/wp\/v2\/users\/8"}],"replies":[{"embeddable":true,"href":"https:\/\/physiklaboranten.de\/index.php?rest_route=%2Fwp%2Fv2%2Fcomments&post=47"}],"version-history":[{"count":11,"href":"https:\/\/physiklaboranten.de\/index.php?rest_route=\/wp\/v2\/pages\/47\/revisions"}],"predecessor-version":[{"id":1236,"href":"https:\/\/physiklaboranten.de\/index.php?rest_route=\/wp\/v2\/pages\/47\/revisions\/1236"}],"wp:attachment":[{"href":"https:\/\/physiklaboranten.de\/index.php?rest_route=%2Fwp%2Fv2%2Fmedia&parent=47"}],"curies":[{"name":"wp","href":"https:\/\/api.w.org\/{rel}","templated":true}]}}