{"id":325,"date":"2019-02-19T13:03:11","date_gmt":"2019-02-19T13:03:11","guid":{"rendered":"http:\/\/physiklaboranten.wp.bs.fraunhofer.de\/?page_id=325"},"modified":"2021-12-02T11:34:14","modified_gmt":"2021-12-02T11:34:14","slug":"links-fraunhofer","status":"publish","type":"page","link":"https:\/\/physiklaboranten.de\/?page_id=325","title":{"rendered":"Institut f\u00fcr Schicht- und Oberfl\u00e4chentechnik IST"},"content":{"rendered":"\n<hr class=\"wp-block-separator is-style-wide\" \/>\n\n\n\n<p>Links des Fraunhofer-Instituts f\u00fcr Schicht- und Oberfl\u00e4chentechnik IST in Braunschweig<\/p>\n\n\n\n<hr class=\"wp-block-separator is-style-wide\" \/>\n\n\n\n<ol class=\"wp-block-list\"><li><a rel=\"noreferrer noopener\" href=\"https:\/\/www.ist.fraunhofer.de\/\" target=\"_blank\">Fraunhofer-Institut f\u00fcr Schicht- und Oberfl\u00e4chentechnik IST<\/a><\/li><li><a rel=\"noreferrer noopener\" href=\"https:\/\/www.fraunhofer.de\/\" target=\"_blank\">Fraunhofer-Gesellschaft<\/a><br>Die gr\u00f6\u00dfte Forschungsgesellschaft Europas stellt sich vor.<\/li><li><a rel=\"noreferrer noopener\" href=\"https:\/\/inplas.de\/de\/home\" target=\"_blank\">INPLAS &#8211; Kompetenznetz<\/a><br>Das Kompetenznetz Industrielle Plasma-Oberfl\u00e4chentechnik INPLAS e. V. ist ein   Zusammenschluss von Industrieunternehmen und Forschungseinrichtungen mit dem Ziel, die Anwendung und Weiterentwicklung von \u201ePlasma-Oberfl\u00e4chentechnik\u201c zu f\u00f6rdern.<\/li><\/ol>\n","protected":false},"excerpt":{"rendered":"<p>Links des Fraunhofer-Instituts f\u00fcr Schicht- und Oberfl\u00e4chentechnik IST in Braunschweig Fraunhofer-Institut f\u00fcr Schicht- und Oberfl\u00e4chentechnik IST Fraunhofer-GesellschaftDie gr\u00f6\u00dfte Forschungsgesellschaft Europas stellt sich vor. INPLAS &#8211; KompetenznetzDas Kompetenznetz Industrielle Plasma-Oberfl\u00e4chentechnik INPLAS e. V. ist ein Zusammenschluss von Industrieunternehmen und Forschungseinrichtungen mit &hellip; <a href=\"https:\/\/physiklaboranten.de\/?page_id=325\">Weiterlesen <span class=\"meta-nav\">&rarr;<\/span><\/a><\/p>\n","protected":false},"author":13,"featured_media":0,"parent":61,"menu_order":0,"comment_status":"closed","ping_status":"closed","template":"","meta":{"footnotes":""},"class_list":["post-325","page","type-page","status-publish","hentry"],"_links":{"self":[{"href":"https:\/\/physiklaboranten.de\/index.php?rest_route=\/wp\/v2\/pages\/325","targetHints":{"allow":["GET"]}}],"collection":[{"href":"https:\/\/physiklaboranten.de\/index.php?rest_route=\/wp\/v2\/pages"}],"about":[{"href":"https:\/\/physiklaboranten.de\/index.php?rest_route=\/wp\/v2\/types\/page"}],"author":[{"embeddable":true,"href":"https:\/\/physiklaboranten.de\/index.php?rest_route=\/wp\/v2\/users\/13"}],"replies":[{"embeddable":true,"href":"https:\/\/physiklaboranten.de\/index.php?rest_route=%2Fwp%2Fv2%2Fcomments&post=325"}],"version-history":[{"count":17,"href":"https:\/\/physiklaboranten.de\/index.php?rest_route=\/wp\/v2\/pages\/325\/revisions"}],"predecessor-version":[{"id":804,"href":"https:\/\/physiklaboranten.de\/index.php?rest_route=\/wp\/v2\/pages\/325\/revisions\/804"}],"up":[{"embeddable":true,"href":"https:\/\/physiklaboranten.de\/index.php?rest_route=\/wp\/v2\/pages\/61"}],"wp:attachment":[{"href":"https:\/\/physiklaboranten.de\/index.php?rest_route=%2Fwp%2Fv2%2Fmedia&parent=325"}],"curies":[{"name":"wp","href":"https:\/\/api.w.org\/{rel}","templated":true}]}}