{"id":27,"date":"2018-08-10T08:52:51","date_gmt":"2018-08-10T08:52:51","guid":{"rendered":"http:\/\/physiklaboranten.wp.bs.fraunhofer.de\/?page_id=27"},"modified":"2022-07-05T09:58:32","modified_gmt":"2022-07-05T09:58:32","slug":"ausbildung-an-der-tu-braunschweig","status":"publish","type":"page","link":"https:\/\/physiklaboranten.de\/?page_id=27","title":{"rendered":"\u201eEigentlich sind wir Abenteurer.\u201c"},"content":{"rendered":"\n<p>Mit einer Ausbildung am <a rel=\"noreferrer noopener\" href=\"https:\/\/www.tu-braunschweig.de\/ipkm\" target=\"_blank\">Institut f\u00fcr Physik<\/a> der Kondensierten Materie der <a rel=\"noreferrer noopener\" href=\"https:\/\/www.tu-braunschweig.de\/\" target=\"_blank\">Technischen Universit\u00e4t Braunschweig<\/a> schaffen\u00a0Sie den\u00a0<strong>Einstieg in Ihre technische Karriere.<\/strong>\u00a0Bei uns besch\u00e4ftigen Sie\u00a0sich mit besonders vielf\u00e4ltigen, spannenden und abenteuerlichen Themen. Das Aufgabenspektrum ist sehr breit, so dass unsere Auszubildenden einen besonders abwechslungsreichen Ausbildungsplatz haben.<\/p>\n\n\n\n<p>Schwerpunkte in der Ausbildung an unserem Institut sind vor allem die Aufbereitung von Proben und das Arbeiten an den Vakuumanlagen. Zus\u00e4tzlich&nbsp;nehmen Sie an den Vorlesungen des Instituts teil. Hier&nbsp;<strong>bauen Sie<\/strong>&nbsp;<strong>Versuche auf und f\u00fchren diese vor.<\/strong>&nbsp;Dadurch werden vorhandene Ausbildungsinhalte erg\u00e4nzt, erweitert und Sie&nbsp;bekommen ein gutes physikalisches Verst\u00e4ndnis.<\/p>\n\n\n\n<p>Besonderen Wert legen wir auf&nbsp;<strong>selbstst\u00e4ndiges Arbeiten,<\/strong>&nbsp;deswegen&nbsp;k\u00f6nnen Sie sich st\u00e4ndig selbst erproben. Au\u00dferdem ist die Ausbildung am Institut sehr&nbsp;<strong>praxisorientiert:<\/strong>&nbsp;Von Anfang an&nbsp;werden Sie bei allen anfallenden T\u00e4tigkeiten integriert. So erlernen Sie alle F\u00e4higkeiten, um bereits nach wenigen Monaten bei Projekten mit anderen Institutsmitgliedern oder im Labor tatkr\u00e4ftig mitzuarbeiten.<\/p>\n\n\n\n<p>Denn jederzeit kann jemand zur T\u00fcr herein kommen, der Hilfe an einem Ger\u00e4t oder einer Anlage braucht. Dann ist die volle Unterst\u00fctzung der Auszubildenden sowie viel Kreativit\u00e4t gefragt und das Abenteuer kann beginnen.<\/p>\n","protected":false},"excerpt":{"rendered":"<p>Mit einer Ausbildung am Institut f\u00fcr Physik der Kondensierten Materie der Technischen Universit\u00e4t Braunschweig schaffen\u00a0Sie den\u00a0Einstieg in Ihre technische Karriere.\u00a0Bei uns besch\u00e4ftigen Sie\u00a0sich mit besonders vielf\u00e4ltigen, spannenden und abenteuerlichen Themen. Das Aufgabenspektrum ist sehr breit, so dass unsere Auszubildenden einen &hellip; <a href=\"https:\/\/physiklaboranten.de\/?page_id=27\">Weiterlesen <span class=\"meta-nav\">&rarr;<\/span><\/a><\/p>\n","protected":false},"author":8,"featured_media":0,"parent":21,"menu_order":0,"comment_status":"closed","ping_status":"closed","template":"","meta":{"footnotes":""},"class_list":["post-27","page","type-page","status-publish","hentry"],"_links":{"self":[{"href":"https:\/\/physiklaboranten.de\/index.php?rest_route=\/wp\/v2\/pages\/27","targetHints":{"allow":["GET"]}}],"collection":[{"href":"https:\/\/physiklaboranten.de\/index.php?rest_route=\/wp\/v2\/pages"}],"about":[{"href":"https:\/\/physiklaboranten.de\/index.php?rest_route=\/wp\/v2\/types\/page"}],"author":[{"embeddable":true,"href":"https:\/\/physiklaboranten.de\/index.php?rest_route=\/wp\/v2\/users\/8"}],"replies":[{"embeddable":true,"href":"https:\/\/physiklaboranten.de\/index.php?rest_route=%2Fwp%2Fv2%2Fcomments&post=27"}],"version-history":[{"count":4,"href":"https:\/\/physiklaboranten.de\/index.php?rest_route=\/wp\/v2\/pages\/27\/revisions"}],"predecessor-version":[{"id":1067,"href":"https:\/\/physiklaboranten.de\/index.php?rest_route=\/wp\/v2\/pages\/27\/revisions\/1067"}],"up":[{"embeddable":true,"href":"https:\/\/physiklaboranten.de\/index.php?rest_route=\/wp\/v2\/pages\/21"}],"wp:attachment":[{"href":"https:\/\/physiklaboranten.de\/index.php?rest_route=%2Fwp%2Fv2%2Fmedia&parent=27"}],"curies":[{"name":"wp","href":"https:\/\/api.w.org\/{rel}","templated":true}]}}