{"id":257,"date":"2019-02-14T11:42:47","date_gmt":"2019-02-14T11:42:47","guid":{"rendered":"http:\/\/physiklaboranten.wp.bs.fraunhofer.de\/?page_id=257"},"modified":"2025-01-21T10:23:53","modified_gmt":"2025-01-21T10:23:53","slug":"bewerbung-fraunhofer-ist","status":"publish","type":"page","link":"https:\/\/physiklaboranten.de\/?page_id=257","title":{"rendered":"Ein bisschen Zukunft gef\u00e4llig?"},"content":{"rendered":"\n<p>Stellenausschreibung Physiklaborant\/in f\u00fcr Ausbildungsbeginn 2026<\/p>\n\n\n\n<p>Das Fraunhofer-Institut f\u00fcr Schicht- und Oberfl\u00e4chentechnik IST in Braunschweig sucht zum 01.09.2026 zwei Auszubildende zur Physiklaborantin \/ zum Physiklaboranten.<\/p>\n\n\n\n<h2 class=\"wp-block-heading\">Was Sie mitbringen<\/h2>\n\n\n\n<p>Voraussetzung ist mindestens ein erweiterter Realschulabschluss oder ein h\u00f6herwertiger Schulabschluss, Interesse an physikalischen und chemischen Zusammenh\u00e4ngen sowie der Wunsch, einen Beruf mit wissenschaftlich-technischer T\u00e4tigkeit zu erlernen. Zu Ihren pers\u00f6nlichen St\u00e4rken z\u00e4hlen:<\/p>\n\n\n\n<ul class=\"wp-block-list\">\n<li>eine schnelle Auffassungsgabe<\/li>\n\n\n\n<li>gro\u00dfe Lernbereitschaft<\/li>\n\n\n\n<li>selbstst\u00e4ndige Arbeitsweise<\/li>\n\n\n\n<li>technisches Verst\u00e4ndnis<\/li>\n\n\n\n<li>Teamf\u00e4higkeit<\/li>\n<\/ul>\n\n\n\n<h2 class=\"wp-block-heading\">Was Sie erwarten k\u00f6nnen<\/h2>\n\n\n\n<ul class=\"wp-block-list\">\n<li>Grundlagenversuche zu Themen der Physik<\/li>\n\n\n\n<li>Vorbereiten, durchf\u00fchren und dokumentieren von Messungen und Versuchen<\/li>\n\n\n\n<li>Teamarbeit in verschiedenen Abteilungen und Projekten<\/li>\n\n\n\n<li>Forschen, entwicklen, analysieren und anwenden<\/li>\n\n\n\n<li>Materialien eine verbesserte Funktion geben<\/li>\n\n\n\n<li>Technische Praktika auch in anderen Institutionen<\/li>\n<\/ul>\n\n\n\n<p>Anstellung, Verg\u00fctung und Sozialleistungen richten sich nach dem Tarifvertrag f\u00fcr Auszubildende des \u00f6ffentlichen Dienstes (TVA\u00f6D). Schwerbehinderte Menschen werden bei gleicher Qualifikation bevorzugt eingestellt. Die Fraunhofer-Gesellschaft legt Wert auf die berufliche Gleichstellung von Frauen und M\u00e4nnern.<\/p>\n\n\n\n<p>Wir freuen uns auf Ihre Online-Bewerbung \u00fcber unsere Internetseiten.<\/p>\n\n\n\n<p><a href=\"https:\/\/www.ist.fraunhofer.de\/de\/jobs-karriere\/ausbildung-fraunhofer-ist\/ausbildung-physiklaborantin.html\" target=\"_blank\" rel=\"noreferrer noopener\">Bewerben am Fraunhofer IST<\/a><\/p>\n\n\n\n<p>Fraunhofer-Institut f\u00fcr<br>Schicht- und Oberfl\u00e4chentechnik IST<br>Riedenkamp 2<br>38108 Braunschweig<br><a rel=\"noreferrer noopener\" href=\"https:\/\/www.ist.fraunhofer.de\/\" target=\"_blank\">www.ist.fraunhofer.de<\/a><\/p>\n","protected":false},"excerpt":{"rendered":"<p>Stellenausschreibung Physiklaborant\/in f\u00fcr Ausbildungsbeginn 2026 Das Fraunhofer-Institut f\u00fcr Schicht- und Oberfl\u00e4chentechnik IST in Braunschweig sucht zum 01.09.2026 zwei Auszubildende zur Physiklaborantin \/ zum Physiklaboranten. Was Sie mitbringen Voraussetzung ist mindestens ein erweiterter Realschulabschluss oder ein h\u00f6herwertiger Schulabschluss, Interesse an physikalischen &hellip; <a href=\"https:\/\/physiklaboranten.de\/?page_id=257\">Weiterlesen <span class=\"meta-nav\">&rarr;<\/span><\/a><\/p>\n","protected":false},"author":13,"featured_media":0,"parent":47,"menu_order":0,"comment_status":"closed","ping_status":"closed","template":"","meta":{"footnotes":""},"class_list":["post-257","page","type-page","status-publish","hentry"],"_links":{"self":[{"href":"https:\/\/physiklaboranten.de\/index.php?rest_route=\/wp\/v2\/pages\/257","targetHints":{"allow":["GET"]}}],"collection":[{"href":"https:\/\/physiklaboranten.de\/index.php?rest_route=\/wp\/v2\/pages"}],"about":[{"href":"https:\/\/physiklaboranten.de\/index.php?rest_route=\/wp\/v2\/types\/page"}],"author":[{"embeddable":true,"href":"https:\/\/physiklaboranten.de\/index.php?rest_route=\/wp\/v2\/users\/13"}],"replies":[{"embeddable":true,"href":"https:\/\/physiklaboranten.de\/index.php?rest_route=%2Fwp%2Fv2%2Fcomments&post=257"}],"version-history":[{"count":9,"href":"https:\/\/physiklaboranten.de\/index.php?rest_route=\/wp\/v2\/pages\/257\/revisions"}],"predecessor-version":[{"id":1254,"href":"https:\/\/physiklaboranten.de\/index.php?rest_route=\/wp\/v2\/pages\/257\/revisions\/1254"}],"up":[{"embeddable":true,"href":"https:\/\/physiklaboranten.de\/index.php?rest_route=\/wp\/v2\/pages\/47"}],"wp:attachment":[{"href":"https:\/\/physiklaboranten.de\/index.php?rest_route=%2Fwp%2Fv2%2Fmedia&parent=257"}],"curies":[{"name":"wp","href":"https:\/\/api.w.org\/{rel}","templated":true}]}}