{"id":25,"date":"2018-08-10T08:52:37","date_gmt":"2018-08-10T08:52:37","guid":{"rendered":"http:\/\/physiklaboranten.wp.bs.fraunhofer.de\/?page_id=25"},"modified":"2023-08-18T10:02:24","modified_gmt":"2023-08-18T10:02:24","slug":"ausbildung-in-der-ptb-braunschweig","status":"publish","type":"page","link":"https:\/\/physiklaboranten.de\/?page_id=25","title":{"rendered":"PTB &#8211; Ausbildung im Zentrum des Messens"},"content":{"rendered":"\n<h2 class=\"wp-block-heading\">Physiklaboranten finden das richtige Ma\u00df<\/h2>\n\n\n\n<p>Die <a rel=\"noreferrer noopener\" href=\"https:\/\/www.ptb.de\/cms\/\" target=\"_blank\">Physikalisch-Technische Bundesanstalt<\/a> Braunschweig und Berlin ist nicht nur ein<br>weltweit bekanntes Forschungsinstitut, sondern auch ein gro\u00dfer <a rel=\"noreferrer noopener\" href=\"https:\/\/www.ptb.de\/cms\/ueber-uns-karriere\/karriere\/azubi-start.html\" target=\"_blank\">Ausbildungsbetrieb<\/a> und bildet in Braunschweig jedes Jahr sechs <a href=\"https:\/\/www.ptb.de\/cms\/ueber-uns-karriere\/karriere\/azubi-start\/ausbildungsstellen\/ausbildungsstelle.html?tx_jobmodul_pi1%5Bjob%5D=4865&amp;tx_jobmodul_pi1%5BlistBackPid%5D=3505&amp;cHash=b6c87026ee2063bbf6cf2cf2745361d9\" target=\"_blank\" rel=\"noreferrer noopener\">Physiklaborantinnen und -laboranten<\/a> aus. Neben modernen und sehr gut ausgestatteten Ausbildungsr\u00e4umen hat die PTB in Braunschweig sechs Fachabteilungen, die die Ausbildung fachlich unterst\u00fctzen.<\/p>\n\n\n\n<p>W\u00e4hrend der ersten zw\u00f6lf Monate der Ausbildung spielen Experimente eine zentrale Rolle. Sie veranschaulichen physikalische Zusammenh\u00e4nge und trainieren die praktischen Kenntnisse und F\u00e4higkeiten unserer Auszubildenden. Die Experimente aus den Bereichen Optik, W\u00e4rmelehre, Mechanik, Elektrotechnik und Akustik werden selbst\u00e4ndig aufgebaut, in Teamarbeit oder einzeln durchgef\u00fchrt und sorgf\u00e4ltig protokolliert. In Projekten k\u00f6nnen die Auszubildenden eigene Ideen umsetzten. Dabei werden selbst\u00e4ndiges, vorausschauendes Arbeiten und Kommunikation geschult. Auch ein Chemie- sowie ein Metallgrundkurs sind Teil der Ausbildung.<\/p>\n\n\n\n<figure class=\"wp-block-image size-medium\"><img fetchpriority=\"high\" decoding=\"async\" width=\"300\" height=\"236\" src=\"https:\/\/physiklaboranten.de\/wp-content\/uploads\/sites\/4\/2022\/10\/D2649_028-300x236.jpg\" alt=\"\" class=\"wp-image-1110\" srcset=\"https:\/\/physiklaboranten.de\/wp-content\/uploads\/sites\/4\/2022\/10\/D2649_028-300x236.jpg 300w, https:\/\/physiklaboranten.de\/wp-content\/uploads\/sites\/4\/2022\/10\/D2649_028-768x603.jpg 768w, https:\/\/physiklaboranten.de\/wp-content\/uploads\/sites\/4\/2022\/10\/D2649_028-382x300.jpg 382w, https:\/\/physiklaboranten.de\/wp-content\/uploads\/sites\/4\/2022\/10\/D2649_028.jpg 978w\" sizes=\"(max-width: 300px) 100vw, 300px\" \/><\/figure>\n\n\n\n<p>Der gr\u00f6\u00dfte Teil der Theorie wird in der Berufsschule vermittelt. Die Auszubildenden des 1. Ausbildungsjahrs gehen an zwei Tagen, alle anderen an einem Tag pro Woche zur Berufsschule (BBS1 am Inselwall in Braunschweig). Die PTB r\u00e4umt ihren Auszubildenden Zeit zum Lernen und zur eigenen Weiterentwicklung ein.<\/p>\n\n\n\n<p>Ab dem 2. Ausbildungsjahr wird es praktisch: f\u00fcr jeweils sechs Monate arbeiten die Auszubildenden nacheinander in verschiedenen Fachlaboratorien bzw. Arbeitsgruppen mit und wenden ihr Wissen dort bereits praxisnah an. Durch den Wechsel zwischen den Abteilungen (Mechanik und Akustik, Optik, Chemische Physik und Explosionsschutz) lernen sie sehr verschiedene Arbeitsumgebungen, Messeinrichtungen und nat\u00fcrlich Mitarbeitende kennen.<\/p>\n\n\n\n<p>Nach ca. 18 Monaten erfolgt eine Leistungsabfrage (Zwischenpr\u00fcfung) durch die IHK. Dabei werden bisher erlernte praktische Fertigkeiten gepr\u00fcft und theoretische Kenntnisse abgefragt. Nach 3,5 Jahren erfolgt in \u00e4hnlicher Weise die Abschlusspr\u00fcfung durch die IHK, deren Ergebnis der Facharbeiterbrief ist.<\/p>\n","protected":false},"excerpt":{"rendered":"<p>Physiklaboranten finden das richtige Ma\u00df Die Physikalisch-Technische Bundesanstalt Braunschweig und Berlin ist nicht nur einweltweit bekanntes Forschungsinstitut, sondern auch ein gro\u00dfer Ausbildungsbetrieb und bildet in Braunschweig jedes Jahr sechs Physiklaborantinnen und -laboranten aus. Neben modernen und sehr gut ausgestatteten Ausbildungsr\u00e4umen &hellip; <a href=\"https:\/\/physiklaboranten.de\/?page_id=25\">Weiterlesen <span class=\"meta-nav\">&rarr;<\/span><\/a><\/p>\n","protected":false},"author":8,"featured_media":0,"parent":21,"menu_order":0,"comment_status":"closed","ping_status":"closed","template":"","meta":{"footnotes":""},"class_list":["post-25","page","type-page","status-publish","hentry"],"_links":{"self":[{"href":"https:\/\/physiklaboranten.de\/index.php?rest_route=\/wp\/v2\/pages\/25","targetHints":{"allow":["GET"]}}],"collection":[{"href":"https:\/\/physiklaboranten.de\/index.php?rest_route=\/wp\/v2\/pages"}],"about":[{"href":"https:\/\/physiklaboranten.de\/index.php?rest_route=\/wp\/v2\/types\/page"}],"author":[{"embeddable":true,"href":"https:\/\/physiklaboranten.de\/index.php?rest_route=\/wp\/v2\/users\/8"}],"replies":[{"embeddable":true,"href":"https:\/\/physiklaboranten.de\/index.php?rest_route=%2Fwp%2Fv2%2Fcomments&post=25"}],"version-history":[{"count":14,"href":"https:\/\/physiklaboranten.de\/index.php?rest_route=\/wp\/v2\/pages\/25\/revisions"}],"predecessor-version":[{"id":1241,"href":"https:\/\/physiklaboranten.de\/index.php?rest_route=\/wp\/v2\/pages\/25\/revisions\/1241"}],"up":[{"embeddable":true,"href":"https:\/\/physiklaboranten.de\/index.php?rest_route=\/wp\/v2\/pages\/21"}],"wp:attachment":[{"href":"https:\/\/physiklaboranten.de\/index.php?rest_route=%2Fwp%2Fv2%2Fmedia&parent=25"}],"curies":[{"name":"wp","href":"https:\/\/api.w.org\/{rel}","templated":true}]}}