{"id":23,"date":"2018-08-10T08:51:50","date_gmt":"2018-08-10T08:51:50","guid":{"rendered":"http:\/\/physiklaboranten.wp.bs.fraunhofer.de\/?page_id=23"},"modified":"2022-10-26T09:28:22","modified_gmt":"2022-10-26T09:28:22","slug":"ausbildung-am-fraunhofer-ist","status":"publish","type":"page","link":"https:\/\/physiklaboranten.de\/?page_id=23","title":{"rendered":"Fraunhofer IST &#8211; Immer ganz nah an der tats\u00e4chlichen Anwendung"},"content":{"rendered":"\n<figure class=\"wp-block-embed is-type-rich is-provider-handler-einbetten wp-block-embed-handler-einbetten wp-embed-aspect-16-9 wp-has-aspect-ratio\"><div class=\"wp-block-embed__wrapper\">\n<iframe title=\"Ausbildung bei Fraunhofer\" width=\"584\" height=\"329\" src=\"https:\/\/www.youtube.com\/embed\/Qy_g4vRVoJA?feature=oembed\" frameborder=\"0\" allow=\"accelerometer; autoplay; clipboard-write; encrypted-media; gyroscope; picture-in-picture; web-share\" referrerpolicy=\"strict-origin-when-cross-origin\" allowfullscreen><\/iframe>\n<\/div><\/figure>\n\n\n\n<p><\/p>\n\n\n\n<p>Die<a href=\"https:\/\/www.ist.fraunhofer.de\/de\/jobs-karriere\/ausbildung-fraunhofer-ist\/ausbildung-physiklaborantin.html\" target=\"_blank\" rel=\"noreferrer noopener\"> Ausbildung am Fraunhofer IST<\/a> zeichnet sich durch ihre <strong>Vielseitigkeit <\/strong>aus. Sie beginnt mit zahlreichen einf\u00fchrenden Experimenten in den Grundlagen der Physik und Praktika in Chemie und Metallbearbeitung. \u201eDas ist viel spannender als die Physik aus der Schule, weil wir die Experimente nicht nur selber durchf\u00fchren, sondern in der Auswertung die Zusammenh\u00e4nge besser verstehen lernen\u201c, erl\u00e4utert Yvonne aus dem zweiten Lehrjahr. \u201eWer sich f\u00fcr Technik interessiert, kann sich im Institut richtig entfalten. Eigenst\u00e4ndig zu experimentieren, macht Riesenspa\u00df\u201c, f\u00fcgt Finn, zweites Lehrjahr, hinzu.<\/p>\n\n\n\n<p>Nach weniger als einem Jahr geht es in die Abteilungen des Fraunhofer IST, in denen Vakuumtechnik, Beschichtungstechnologien und Schichtanalytik gelehrt werden. Jede der sechs Abteilungen, in denen jeweils etwa zw\u00f6lf Wochen im Team mitgearbeitet wird, hat ihre ganz speziellen Techniken. Auf diese Weise <strong>arbeiten die Auszubildenden auch an preisgekr\u00f6nten Entwicklungen\u00a0mit<\/strong>. \u201eBei der Vorbereitung von Beschichtungsprozessen sind die Auszubildenden eine gro\u00dfe und verl\u00e4ssliche Hilfe\u201c, meint Markus Armgardt, Ingenieur in der Diamanttechnologie. \u00dcberhaupt wird von den Auszubildenden des Fraunhofer IST besonders gern erz\u00e4hlt, dass ihnen die Fraunhofer IST-Mitarbeiterinnen und -Mitarbeiter <strong>bereits nach kurzer Zeit anspruchsvolle Aufgaben<\/strong> zugetraut haben: \u201eSchon nach wenigen Wochen war ich so gut in das Projekt eingearbeitet, dass ich alleine Prozesse an einer Beschichtungsanlage durchf\u00fchren konnte, die mehrere hunderttausend Euro kostete\u201c berichtet Jonas, der am Ende seiner Ausbildung vom Fraunhofer IST \u00fcbernommen wurde.<\/p>\n\n\n\n<p>\u201eUnsere Auszubildenden entwickeln durch das selbstst\u00e4ndige Arbeiten in den Forschungsprojekten schnell einen <strong>pers\u00f6nlichen Bezug zu ihren Aufgaben<\/strong>. Das ist aus unserer Sicht ganz besonders wertvoll &#8211; f\u00fcr den Auszubildenden und nat\u00fcrlich f\u00fcr den Arbeitgeber\u201c, so <a href=\"https:\/\/physiklaboranten.de\/?page_id=55\" target=\"_blank\" rel=\"noreferrer noopener\">Sven Pleger, Ausbilder am Fraunhofer IST<\/a>, \u201edas Interesse an theoretischen Grundlagen von weiterf\u00fchrenden modernen Technologien wird dabei hier am Institut ausdr\u00fccklich unterst\u00fctzt. Die Azubis k\u00f6nnen an Vorlesungen der TU Braunschweig oder direkt am Fraunhofer IST teilnehmen.\u201c Ziel ist es, <strong>die Auszubildenden f\u00fcr die Zukunft fit zu machen und ihre naturwissenschaftliche Neugier zu f\u00f6rdern<\/strong>. Vielleicht beginnt ja auch der ein oder andere im Anschluss ein weiterf\u00fchrendes Studium . . .<\/p>\n\n\n\n<p>Weitere Informationen zur <a rel=\"noreferrer noopener\" href=\"https:\/\/www.ist.fraunhofer.de\/de\/jobs-karriere\/ausbildung-fraunhofer-ist\/ausbildung-physiklaborantin.html\" target=\"_blank\">Ausbildung Physiklaborantin \/ Physiklaborant<\/a> gibt es auch auf den Webseiten des <a href=\"https:\/\/www.ist.fraunhofer.de\/de\/jobs-karriere\/ausbildung-fraunhofer-ist.html\" target=\"_blank\" rel=\"noreferrer noopener\">Fraunhofer IST<\/a>.<\/p>\n","protected":false},"excerpt":{"rendered":"<p>Die Ausbildung am Fraunhofer IST zeichnet sich durch ihre Vielseitigkeit aus. Sie beginnt mit zahlreichen einf\u00fchrenden Experimenten in den Grundlagen der Physik und Praktika in Chemie und Metallbearbeitung. \u201eDas ist viel spannender als die Physik aus der Schule, weil wir &hellip; <a href=\"https:\/\/physiklaboranten.de\/?page_id=23\">Weiterlesen <span class=\"meta-nav\">&rarr;<\/span><\/a><\/p>\n","protected":false},"author":8,"featured_media":0,"parent":21,"menu_order":0,"comment_status":"closed","ping_status":"closed","template":"","meta":{"footnotes":""},"class_list":["post-23","page","type-page","status-publish","hentry"],"_links":{"self":[{"href":"https:\/\/physiklaboranten.de\/index.php?rest_route=\/wp\/v2\/pages\/23","targetHints":{"allow":["GET"]}}],"collection":[{"href":"https:\/\/physiklaboranten.de\/index.php?rest_route=\/wp\/v2\/pages"}],"about":[{"href":"https:\/\/physiklaboranten.de\/index.php?rest_route=\/wp\/v2\/types\/page"}],"author":[{"embeddable":true,"href":"https:\/\/physiklaboranten.de\/index.php?rest_route=\/wp\/v2\/users\/8"}],"replies":[{"embeddable":true,"href":"https:\/\/physiklaboranten.de\/index.php?rest_route=%2Fwp%2Fv2%2Fcomments&post=23"}],"version-history":[{"count":13,"href":"https:\/\/physiklaboranten.de\/index.php?rest_route=\/wp\/v2\/pages\/23\/revisions"}],"predecessor-version":[{"id":1199,"href":"https:\/\/physiklaboranten.de\/index.php?rest_route=\/wp\/v2\/pages\/23\/revisions\/1199"}],"up":[{"embeddable":true,"href":"https:\/\/physiklaboranten.de\/index.php?rest_route=\/wp\/v2\/pages\/21"}],"wp:attachment":[{"href":"https:\/\/physiklaboranten.de\/index.php?rest_route=%2Fwp%2Fv2%2Fmedia&parent=23"}],"curies":[{"name":"wp","href":"https:\/\/api.w.org\/{rel}","templated":true}]}}