{"id":212,"date":"2019-02-14T09:37:53","date_gmt":"2019-02-14T09:37:53","guid":{"rendered":"http:\/\/physiklaboranten.wp.bs.fraunhofer.de\/?page_id=212"},"modified":"2022-10-26T09:11:59","modified_gmt":"2022-10-26T09:11:59","slug":"fraunhofer-ist","status":"publish","type":"page","link":"https:\/\/physiklaboranten.de\/?page_id=212","title":{"rendered":"Wirtschaft und Wissenschaft geht nicht? DOCH \u2013 Fraunhofer IST"},"content":{"rendered":"\n<p>Das <a href=\"https:\/\/www.ist.fraunhofer.de\/\" target=\"_blank\" rel=\"noreferrer noopener\">Fraunhofer-Institut f\u00fcr Schicht- und Oberfl\u00e4chentechnik IST<\/a> in Braunschweig ist ein innovativer Partner f\u00fcr Forschung und Entwicklung in der Oberfl\u00e4chentechnik mit Kompetenzen in den zugeh\u00f6rigen Produkt- und Produktionssystemen. Zu diesen Kompetenzen geh\u00f6ren zum Beispiel <a rel=\"noreferrer noopener\" href=\"https:\/\/www.ist.fraunhofer.de\/de\/kompetenzen\/verfahrens-und-fertigungstechnik-fuer-nachhaltige-energiespeicher.html\" target=\"_blank\">Verfahrens- und Fertigungstechnik f\u00fcr nachhaltige Energiespeicher<\/a>, <a rel=\"noreferrer noopener\" href=\"https:\/\/www.ist.fraunhofer.de\/de\/kompetenzen\/sensorik.html\" target=\"_blank\">Sensorik<\/a>,<a href=\"https:\/\/www.ist.fraunhofer.de\/de\/kompetenzen\/mikrostrukturierung.html\"> <\/a><a rel=\"noreferrer noopener\" href=\"https:\/\/www.ist.fraunhofer.de\/de\/kompetenzen\/optische-systeme-anwendungen.html\" target=\"_blank\">Optische Systeme<\/a>, <a rel=\"noreferrer noopener\" href=\"https:\/\/www.ist.fraunhofer.de\/de\/kompetenzen\/analytik-prueftechnik.html\" target=\"_blank\">Analytik und Pr\u00fcftechnik<\/a>.<\/p>\n\n\n\n<p>Etwa 160 Mitarbeitende erarbeiten gemeinsam mit Kunden aus Industrie und Forschung ma\u00dfgeschneiderte und nachhaltige L\u00f6sungen &#8211; vom Prototyp \u00fcber wirtschaftliche Produktionsszenarien bis hin zur Skalierung auf industrielle Ma\u00dfst\u00e4be, und dies auch unter der Ma\u00dfgabe geschlossener Material-und Stoffkreisl\u00e4ufe. Neben anwendungsorientierter Forschung und Entwicklung werden in verschiedenen Kooperationen mit Universit\u00e4ten und Forschungseinrichtungen auch die wissenschaftlichen Grundlagen dazu erforscht.<\/p>\n\n\n\n<p>Die Schicht- und Oberfl\u00e4chentechnik ist ein Schl\u00fcssel zu neuartigen Produkten und Systemen: Durch Modifizierung, Strukturierung und Beschichtung der Oberfl\u00e4che k\u00f6nnen unterschiedlichste Funktionen und Funktionalit\u00e4ten realisiert werden.&nbsp;<a href=\"https:\/\/www.ist.fraunhofer.de\/de\/leistungsangebot\/oberflaechenbeschichtung\/reibungsminderung.html\" target=\"_blank\" rel=\"noreferrer noopener\">Reibungsminderung, Verschlei\u00df- und Korrosionsschutz<\/a>,&nbsp;<a href=\"https:\/\/www.ist.fraunhofer.de\/de\/kompetenzen\/sensorik.html\" target=\"_blank\" rel=\"noreferrer noopener\">Sensorik&nbsp;<\/a>oder&nbsp;<a href=\"https:\/\/www.ist.fraunhofer.de\/de\/leistungsangebot\/oberflaechenbeschichtung\/optische_funktionsschichten.html\" target=\"_blank\" rel=\"noreferrer noopener\">optische Eigenschaften<\/a>&nbsp;sind nur einige Beispiele.<\/p>\n\n\n\n<p>Am Fraunhofer IST stehen hierf\u00fcr u.a. diese Technologien zur Verf\u00fcgung:<\/p>\n\n\n\n<ul class=\"wp-block-list\"><li><a href=\"https:\/\/www.ist.fraunhofer.de\/de\/technologien\/ecv.html\" target=\"_blank\" rel=\"noreferrer noopener\">Elektrochemische Verfahren<\/a>, insbesondere Galvanik,<\/li><li><a href=\"https:\/\/www.ist.fraunhofer.de\/de\/technologien\/adpv.html\" target=\"_blank\" rel=\"noreferrer noopener\">Atmosph\u00e4rendruckplasmaverfahren<\/a>,<\/li><li><a href=\"https:\/\/www.ist.fraunhofer.de\/de\/technologien\/physikalische-gasphasenabscheidung.html\" target=\"_blank\" rel=\"noreferrer noopener\">Niederdruck-Plasmaverfahren<\/a>&nbsp;mit den Schwerpunkten&nbsp;<a href=\"https:\/\/www.ist.fraunhofer.de\/de\/technologien\/pvd\/magnetronsputtern.html\" target=\"_blank\" rel=\"noreferrer noopener\">Magnetronsputtern<\/a>, hochionisierte Plasmen und&nbsp;<a href=\"https:\/\/www.ist.fraunhofer.de\/de\/technologien\/cvd\/pacvd.html\" target=\"_blank\" rel=\"noreferrer noopener\">plasmaaktivierte Gasphasenabscheidung<\/a>&nbsp;sowie<\/li><li>die&nbsp;<a href=\"https:\/\/www.ist.fraunhofer.de\/de\/technologien\/cvd.html\" target=\"_blank\" rel=\"noreferrer noopener\">chemische Gasphasenabscheidung<\/a>&nbsp;mit dem Schwerpunkt&nbsp;<a href=\"https:\/\/www.ist.fraunhofer.de\/de\/technologien\/cvd\/hwcvd.html\" target=\"_blank\" rel=\"noreferrer noopener\">Hei\u00dfdraht-CVD<\/a>.<\/li><\/ul>\n\n\n\n<p>Eine der besonderen St\u00e4rken des Instituts besteht darin, auf der Basis dieses breiten Spektrums an Verfahren und an Schichtwerkstoffen die f\u00fcr die jeweilige Aufgabenstellung optimale Prozesskette zu gestalten. Dazu verf\u00fcgt das Fraunhofer IST nicht nur \u00fcber eine sehr gut ausgestattete&nbsp;<a href=\"https:\/\/www.ist.fraunhofer.de\/de\/kompetenzen\/analytik-prueftechnik.html\" target=\"_blank\" rel=\"noreferrer noopener\">Analytik<\/a>, sondern auch \u00fcber umfangreiche Erfahrungen in der Modellierung und&nbsp;<a href=\"https:\/\/www.ist.fraunhofer.de\/de\/kompetenzen\/simulation-digital-services.html\" target=\"_blank\" rel=\"noreferrer noopener\">Simulation&nbsp;<\/a>sowohl von Produkteigenschaften als auch der zugeh\u00f6rigen Prozesse und Produktionssysteme.<\/p>\n\n\n\n<h2 class=\"wp-block-heading\">Zahlen, Daten, Fakten<\/h2>\n\n\n\n<p><a href=\"https:\/\/www.fraunhofer.de\/\" target=\"_blank\" rel=\"noreferrer noopener\">Die Fraunhofer-Gesellschaft:<\/a> Fraunhofer ist die gr\u00f6\u00dfte Organisation f\u00fcr anwendungsorientierte Forschung in Europa. Unsere Forschungsfelder richten sich nach den Bed\u00fcrfnissen der Menschen: Gesundheit, Sicherheit, Kommunikation, Mobilit\u00e4t, Energie und Umwelt. Und deswegen hat die Arbeit unserer Forscher und Entwickler gro\u00dfen Einfluss auf das zuk\u00fcnftige Leben der Menschen. Wir sind kreativ, wir gestalten Technik, wir entwerfen Produkte, wir verbessern Verfahren, wir er\u00f6ffnen neue Wege. Wir erfinden Zukunft.<\/p>\n\n\n\n<h2 class=\"wp-block-heading\"><a rel=\"noreferrer noopener\" href=\"https:\/\/www.fraunhofer.de\/\" target=\"_blank\">Fraunhofer<\/a> ist die gr\u00f6\u00dfte Organisation f\u00fcr angewandte Forschung in Europa<\/h2>\n\n\n\n<ul class=\"wp-block-list\"><li>Mehr als 80 Forschungseinrichtungen in Deutschland, davon 72 Fraunhofer-Institute.<\/li><li>Mehr als 26 600 Mitarbeiterinnen und Mitarbeiter, \u00fcberwiegend mit natur- oder ingenieurwissenschaftlicher Ausbildung.<\/li><li>2,5 Milliarden Euro Forschungsvolumen j\u00e4hrlich, davon 2,1 Mrd \u20ac im Leistungsbereich Vertragsforschung.<br>2\/3 dieses Leistungsbereichs werden mit Auftr\u00e4gen aus der Industrie und mit \u00f6ffentlich finanzierten Forschungsprojekten erwirtschaftet.<br>1\/3 wird von Bund und L\u00e4ndern als Grundfinanzierung beigesteuert.<\/li><li>Internationale Zusammenarbeit durch Niederlassungen in Europa, USA, Asien und im Nahen Osten.<\/li><\/ul>\n","protected":false},"excerpt":{"rendered":"<p>Das Fraunhofer-Institut f\u00fcr Schicht- und Oberfl\u00e4chentechnik IST in Braunschweig ist ein innovativer Partner f\u00fcr Forschung und Entwicklung in der Oberfl\u00e4chentechnik mit Kompetenzen in den zugeh\u00f6rigen Produkt- und Produktionssystemen. Zu diesen Kompetenzen geh\u00f6ren zum Beispiel Verfahrens- und Fertigungstechnik f\u00fcr nachhaltige Energiespeicher, &hellip; <a href=\"https:\/\/physiklaboranten.de\/?page_id=212\">Weiterlesen <span class=\"meta-nav\">&rarr;<\/span><\/a><\/p>\n","protected":false},"author":16,"featured_media":0,"parent":11,"menu_order":0,"comment_status":"closed","ping_status":"closed","template":"","meta":{"footnotes":""},"class_list":["post-212","page","type-page","status-publish","hentry"],"_links":{"self":[{"href":"https:\/\/physiklaboranten.de\/index.php?rest_route=\/wp\/v2\/pages\/212","targetHints":{"allow":["GET"]}}],"collection":[{"href":"https:\/\/physiklaboranten.de\/index.php?rest_route=\/wp\/v2\/pages"}],"about":[{"href":"https:\/\/physiklaboranten.de\/index.php?rest_route=\/wp\/v2\/types\/page"}],"author":[{"embeddable":true,"href":"https:\/\/physiklaboranten.de\/index.php?rest_route=\/wp\/v2\/users\/16"}],"replies":[{"embeddable":true,"href":"https:\/\/physiklaboranten.de\/index.php?rest_route=%2Fwp%2Fv2%2Fcomments&post=212"}],"version-history":[{"count":15,"href":"https:\/\/physiklaboranten.de\/index.php?rest_route=\/wp\/v2\/pages\/212\/revisions"}],"predecessor-version":[{"id":1194,"href":"https:\/\/physiklaboranten.de\/index.php?rest_route=\/wp\/v2\/pages\/212\/revisions\/1194"}],"up":[{"embeddable":true,"href":"https:\/\/physiklaboranten.de\/index.php?rest_route=\/wp\/v2\/pages\/11"}],"wp:attachment":[{"href":"https:\/\/physiklaboranten.de\/index.php?rest_route=%2Fwp%2Fv2%2Fmedia&parent=212"}],"curies":[{"name":"wp","href":"https:\/\/api.w.org\/{rel}","templated":true}]}}