{"id":21,"date":"2018-08-10T08:51:32","date_gmt":"2018-08-10T08:51:32","guid":{"rendered":"http:\/\/physiklaboranten.wp.bs.fraunhofer.de\/?page_id=21"},"modified":"2022-10-26T09:24:16","modified_gmt":"2022-10-26T09:24:16","slug":"ausbildung","status":"publish","type":"page","link":"https:\/\/physiklaboranten.de\/?page_id=21","title":{"rendered":"Ausbildung"},"content":{"rendered":"\n<h2 class=\"wp-block-heading\">Der Weg bis zum Abschluss<\/h2>\n\n\n\n<p class=\"has-text-align-left\">Der Weg zur Physiklaborantin \/ zum -laboranten f\u00fchrt \u00fcber eine 3 \u00bd-j\u00e4hrige Ausbildung. In dieser Zeit erwerben die Auszubildenden nicht nur Kenntnisse im Ausbildungsbetrieb, sondern auch in der Berufsschule, wie z. B. in Braunschweig ein- bis zweimal w\u00f6chentlich. Auch im Blockunterricht wird andernorts unterrichtet. Der Ausbildungsbetrieb vermittelt die praktischen Kenntnisse zu den physikalischen Grundlagen und die sp\u00e4teren Aufgabenbereiche wie Werkstoffkunde, Messverfahren und Messtechnik, Anlagentechnik sowie Elektrochemie und Elektrotechnik. Bei sehr guten Leistungen ist auch eine Verk\u00fcrzung der Ausbildungszeit m\u00f6glich. Die Verg\u00fctung ist abh\u00e4ngig von den jeweiligen Tarifen der Arbeitgeber und steigert sich mit den Ausbildungsjahren. Am Ende des Ausbildungsweges erfolgt schlie\u00dflich eine Pr\u00fcfung vor der Industrie- und Handelskammer (IHK). Danach sind die Weiterbildungsm\u00f6glichkeiten vielf\u00e4ltig:\u00a0Eine Ausbildung zur Technikerin \/ zum Techniker ist \u00fcber den Besuch einer Fachschule m\u00f6glich, genauso wie ein anschlie\u00dfendes Studium an einer Fachhochschule oder Universit\u00e4t.<\/p>\n\n\n\n<figure class=\"wp-block-image size-large\"><img fetchpriority=\"high\" decoding=\"async\" width=\"593\" height=\"400\" src=\"http:\/\/physiklaboranten.de\/wp-content\/uploads\/sites\/4\/2019\/02\/imp_systec1_593.jpg\" alt=\"\" class=\"wp-image-175\" srcset=\"https:\/\/physiklaboranten.de\/wp-content\/uploads\/sites\/4\/2019\/02\/imp_systec1_593.jpg 593w, https:\/\/physiklaboranten.de\/wp-content\/uploads\/sites\/4\/2019\/02\/imp_systec1_593-300x202.jpg 300w, https:\/\/physiklaboranten.de\/wp-content\/uploads\/sites\/4\/2019\/02\/imp_systec1_593-445x300.jpg 445w\" sizes=\"(max-width: 593px) 100vw, 593px\" \/><figcaption>Diese Physiklaborantin kennt keine Ber\u00fchrungs\u00e4ngste im Umgang mit gro\u00dfen Anlagen.  <br>\u00a9 Fraunhofer IST, Jan Benz<\/figcaption><\/figure>\n\n\n\n<p>So vielseitig die Arbeitsbereiche von Fraunhofer IST, PTB und TU Braunschweig sind, so unterschiedlich ist auch die Ausbildung. Jede Institution setzt in ihrer Ausbildung inhaltlich eigene Schwerpunkte.<\/p>\n\n\n\n<ul class=\"wp-block-list\"><li><a href=\"https:\/\/physiklaboranten.de\/?page_id=23\">Fraunhofer-Institut f\u00fcr Schicht- und Oberfl\u00e4chentechnik IST<\/a><\/li><li><a href=\"https:\/\/physiklaboranten.de\/?page_id=25\">Physikalisch-Technische Bundesanstalt PTB<\/a><\/li><li><a href=\"https:\/\/physiklaboranten.de\/?page_id=27\">Technische Universit\u00e4t Braunschweig TU BS<\/a><\/li><\/ul>\n\n\n\n<p><\/p>\n","protected":false},"excerpt":{"rendered":"<p>Der Weg bis zum Abschluss Der Weg zur Physiklaborantin \/ zum -laboranten f\u00fchrt \u00fcber eine 3 \u00bd-j\u00e4hrige Ausbildung. In dieser Zeit erwerben die Auszubildenden nicht nur Kenntnisse im Ausbildungsbetrieb, sondern auch in der Berufsschule, wie z. B. in Braunschweig ein- &hellip; <a href=\"https:\/\/physiklaboranten.de\/?page_id=21\">Weiterlesen <span class=\"meta-nav\">&rarr;<\/span><\/a><\/p>\n","protected":false},"author":8,"featured_media":0,"parent":0,"menu_order":0,"comment_status":"closed","ping_status":"closed","template":"","meta":{"footnotes":""},"class_list":["post-21","page","type-page","status-publish","hentry"],"_links":{"self":[{"href":"https:\/\/physiklaboranten.de\/index.php?rest_route=\/wp\/v2\/pages\/21","targetHints":{"allow":["GET"]}}],"collection":[{"href":"https:\/\/physiklaboranten.de\/index.php?rest_route=\/wp\/v2\/pages"}],"about":[{"href":"https:\/\/physiklaboranten.de\/index.php?rest_route=\/wp\/v2\/types\/page"}],"author":[{"embeddable":true,"href":"https:\/\/physiklaboranten.de\/index.php?rest_route=\/wp\/v2\/users\/8"}],"replies":[{"embeddable":true,"href":"https:\/\/physiklaboranten.de\/index.php?rest_route=%2Fwp%2Fv2%2Fcomments&post=21"}],"version-history":[{"count":14,"href":"https:\/\/physiklaboranten.de\/index.php?rest_route=\/wp\/v2\/pages\/21\/revisions"}],"predecessor-version":[{"id":1197,"href":"https:\/\/physiklaboranten.de\/index.php?rest_route=\/wp\/v2\/pages\/21\/revisions\/1197"}],"wp:attachment":[{"href":"https:\/\/physiklaboranten.de\/index.php?rest_route=%2Fwp%2Fv2%2Fmedia&parent=21"}],"curies":[{"name":"wp","href":"https:\/\/api.w.org\/{rel}","templated":true}]}}