{"id":19,"date":"2018-08-10T08:51:23","date_gmt":"2018-08-10T08:51:23","guid":{"rendered":"http:\/\/physiklaboranten.wp.bs.fraunhofer.de\/?page_id=19"},"modified":"2022-10-26T09:21:11","modified_gmt":"2022-10-26T09:21:11","slug":"berufsbild","status":"publish","type":"page","link":"https:\/\/physiklaboranten.de\/?page_id=19","title":{"rendered":"Das Berufsbild der Physiklaborantin \/ des Physiklaboranten"},"content":{"rendered":"\n<p>Wie funktioniert ein Experiment am besten und ist\u00a0das\u00a0Ergebnis\u00a0eines Versuches\u00a0immer\u00a0gleich? Diese Fragen versuchen Physiklaborantinnen und Physiklaboranten jeden Tag aufs Neue mit viel Neugier zu beantworten. Dabei arbeiten sie meist eng mit Fachkr\u00e4ften aus den Naturwissenschaften und dem Ingenieurwesen zusammen. Physiklaborantinnen und Physiklaboranten sind ma\u00dfgeblich f\u00fcr die Umsetzung von technischen Abl\u00e4ufen und Analysen verantwortlich. Durch ihre Arbeit sind sie aktiv an der Herstellung von ganz unterschiedlichen innovativen Materialien und Produkten beteiligt. Mit ihrer Vielseitigkeit tragen sie zur Entwicklung neuer Technologien bei, zum Beispiel im Bereich der erneuerbaren Energien oder in der Luft- und Raumfahrttechnik.<\/p>\n\n\n\n<figure class=\"wp-block-image size-large\"><img decoding=\"async\" src=\"http:\/\/physiklaboranten.de\/wp-content\/uploads\/sites\/4\/2019\/02\/gelbraum1_593.jpg\" alt=\"gelbraum1_593\" \/><figcaption>Auch das Arbeiten in Reinr\u00e4umen ist spannend. Im sogenannten Gelbraum werden lichtempfindliche Reaktionen vermieden.  \u00a9 Fraunhofer IST, Jan Benz<\/figcaption><\/figure>\n\n\n\n<h2 class=\"wp-block-heading\">Physiklaborantinnen und Physiklaboranten . . .<\/h2>\n\n\n\n<p>&#8230; bereiten Anlagen und Ger\u00e4te f\u00fcr Experimente vor.<br>&#8230; f\u00fchren Versuchsreihen durch.<br>&#8230; nehmen Messdaten auf und protokollieren sie.<br>&#8230; f\u00fchren berufsbezogene Berechnungen durch.<br>&#8230; pr\u00fcfen die Qualit\u00e4t von Materialien und Produkten.<br>&#8230; sind vielseitig in allen technischen Bereichen einsetzbar.<\/p>\n\n\n\n<h2 class=\"wp-block-heading\">Das zeichnet Physiklaborantinnen und Physiklaboranten aus<\/h2>\n\n\n\n<ul class=\"wp-block-list\"><li>Interesse an wissenschaftlich-technischen Fragestellungen<\/li><li>Ein gutes Verst\u00e4ndnis f\u00fcr Physik, Mathematik und Chemie<\/li><li>Genauigkeit bei der Auswertung von technischen Daten<\/li><li>Teamf\u00e4higkeit in der Zusammenarbeit mit Fachkr\u00e4ften aus den Naturwissenschaften und dem Ingenieurwesen<\/li><li>Kreativit\u00e4t und Ausdauer beim L\u00f6sen von technischen Problemen<\/li><\/ul>\n\n\n\n<p><strong>Ausbildung beendet \u2013 Und dann?<\/strong> Die Besch\u00e4ftigungsm\u00f6glichkeiten von Physiklaborantinnen und Physiklaboranten sind vielf\u00e4ltig. Nach ihrer Ausbildung werden sie im Bereich der Qualit\u00e4tskontrolle und Forschung eingesetzt und arbeiten in technischen Laboren der Industrie, in Forschungseinrichtungen oder an Hochschulen. Auch Weiterbildungsma\u00dfnahmen an Fachschulen, Fachhochschulen und Universit\u00e4ten sind m\u00f6glich.<\/p>\n\n\n\n<p><\/p>\n","protected":false},"excerpt":{"rendered":"<p>Wie funktioniert ein Experiment am besten und ist\u00a0das\u00a0Ergebnis\u00a0eines Versuches\u00a0immer\u00a0gleich? Diese Fragen versuchen Physiklaborantinnen und Physiklaboranten jeden Tag aufs Neue mit viel Neugier zu beantworten. Dabei arbeiten sie meist eng mit Fachkr\u00e4ften aus den Naturwissenschaften und dem Ingenieurwesen zusammen. Physiklaborantinnen und &hellip; <a href=\"https:\/\/physiklaboranten.de\/?page_id=19\">Weiterlesen <span class=\"meta-nav\">&rarr;<\/span><\/a><\/p>\n","protected":false},"author":8,"featured_media":0,"parent":0,"menu_order":0,"comment_status":"closed","ping_status":"closed","template":"","meta":{"footnotes":""},"class_list":["post-19","page","type-page","status-publish","hentry"],"_links":{"self":[{"href":"https:\/\/physiklaboranten.de\/index.php?rest_route=\/wp\/v2\/pages\/19","targetHints":{"allow":["GET"]}}],"collection":[{"href":"https:\/\/physiklaboranten.de\/index.php?rest_route=\/wp\/v2\/pages"}],"about":[{"href":"https:\/\/physiklaboranten.de\/index.php?rest_route=\/wp\/v2\/types\/page"}],"author":[{"embeddable":true,"href":"https:\/\/physiklaboranten.de\/index.php?rest_route=\/wp\/v2\/users\/8"}],"replies":[{"embeddable":true,"href":"https:\/\/physiklaboranten.de\/index.php?rest_route=%2Fwp%2Fv2%2Fcomments&post=19"}],"version-history":[{"count":8,"href":"https:\/\/physiklaboranten.de\/index.php?rest_route=\/wp\/v2\/pages\/19\/revisions"}],"predecessor-version":[{"id":1196,"href":"https:\/\/physiklaboranten.de\/index.php?rest_route=\/wp\/v2\/pages\/19\/revisions\/1196"}],"wp:attachment":[{"href":"https:\/\/physiklaboranten.de\/index.php?rest_route=%2Fwp%2Fv2%2Fmedia&parent=19"}],"curies":[{"name":"wp","href":"https:\/\/api.w.org\/{rel}","templated":true}]}}