{"id":17,"date":"2018-08-10T08:51:14","date_gmt":"2018-08-10T08:51:14","guid":{"rendered":"http:\/\/physiklaboranten.wp.bs.fraunhofer.de\/?page_id=17"},"modified":"2022-02-07T08:50:33","modified_gmt":"2022-02-07T08:50:33","slug":"tu-braunschweig","status":"publish","type":"page","link":"https:\/\/physiklaboranten.de\/?page_id=17","title":{"rendered":"Lernen, wo die Zukunft zu Hause ist &#8211; TU Braunschweig"},"content":{"rendered":"\n<p>Neben der Forschung ist die erstrangige Aufgabe der <a href=\"https:\/\/www.tu-braunschweig.de\/\" target=\"_blank\" rel=\"noreferrer noopener\">Technischen Universit\u00e4t Braunschweig<\/a>,&nbsp;<strong>hoch qualifizierten Nachwuchs auszubilden.<\/strong>&nbsp;Das sind in erster Linie die jungen Menschen, die sich nach ihrem Schulabschluss f\u00fcr ein wissenschaftliches Studium entscheiden. Neben der Ausbildung von Studierenden in rund 60 Studieng\u00e4ngen bietet die TU Braunschweig auch ein breites Ausbildungsspektrum im handwerklichen, technischen sowie im Verwaltungsbereich. Im gewerblichen Bereich z\u00e4hlt die TU Braunschweig zu den gro\u00dfen Ausbildungsst\u00e4tten in der Region Braunschweig. Bestens geschultes und erfahrenes Fachpersonal begleitet die Ausbildung in den Werkst\u00e4tten, Laboratorien und in der Verwaltung.<\/p>\n\n\n\n<h1 class=\"wp-block-heading\">\u00dcber 260 Jahre Erfahrung<\/h1>\n\n\n\n<p>Dabei kommt der Technischen Universit\u00e4t Braunschweig ihre&nbsp;<strong>mehr als 260-j\u00e4hrige Erfahrung<\/strong> im Umgang mit jungen Menschen zugute. Seit der Gr\u00fcndung des Collegium Carolinum, der Vorl\u00e4uferinstitution der TU Braunschweig, stand stets die <strong>praxisorientierte Ausbildung<\/strong>&nbsp;im Vordergrund. Auch der ber\u00fchmte Mathematiker Carl Friedrich Gau\u00df holte sich hier von 1792 bis 1795 das R\u00fcstzeug f\u00fcr seine wissenschaftliche Karriere.<\/p>\n\n\n\n<h1 class=\"wp-block-heading\">\u00dcberblick<\/h1>\n\n\n\n<p>Wir sind mit unseren \u00fcber 3700 Mitarbeiterinnen und Mitarbeitern einer der gr\u00f6\u00dften Arbeitgeber der Region. Rund&nbsp;<strong>130 unserer Arbeitspl\u00e4tze stehen Auszubildenden in 19 unterschiedlichen Berufen<\/strong>&nbsp;zur Verf\u00fcgung. F\u00fcr erstklassige Forschung brauchen wir in unseren Laboren und Werkst\u00e4tten bestens ausgebildete Fachkr\u00e4fte. Sie machen viele Forschungsprojekte erst m\u00f6glich, indem sie die wissenschaftlichen Entwicklungen kreativ in die Praxis umsetzen.<\/p>\n\n\n\n<p>Sie werden bei uns nicht nur von versierten Meistern und Ausbildern bestens auf Ihren zuk\u00fcnftigen Beruf vorbereitet, sondern nehmen auch an spannenden Denk- und Entwicklungsprozessen in der Forschung teil. So k\u00f6nnen Sie sich auf ganz besondere Weise f\u00fcr Ihre Zukunft qualifizieren. Au\u00dferdem finden Sie bei uns ein junges, universit\u00e4res Flair und <strong>alle Einrichtungen unserer Universit\u00e4t stehen Ihnen offen.<\/strong>&nbsp;Sie k\u00f6nnen<\/p>\n\n\n\n<ul class=\"wp-block-list\"><li>in der Mensa essen gehen,<\/li><li>\u00fcber 90 verschiedene Sportarten betreiben,<\/li><li>18 Fremdsprachen lernen,<\/li><li>\u00fcber 1 800 000 gedruckte und digitale Medien ausleihen<\/li><li>und vieles mehr.<\/li><\/ul>\n\n\n\n<p>Schlie\u00dflich soll die Ausbildung auch Spa\u00df machen.&nbsp;<strong>Senden Sie uns Ihre Bewerbung: Wir freuen uns, Sie auf dem Weg in Ihre Zukunft zu begleiten!<\/strong><\/p>\n\n\n\n<p>Weitere Informationen zur Universit\u00e4t finden Sie auf den&nbsp;<a href=\"https:\/\/www.tu-braunschweig.de\/\" target=\"_blank\" rel=\"noreferrer noopener\">Webseiten der TU Braunschweig<\/a>.<\/p>\n","protected":false},"excerpt":{"rendered":"<p>Neben der Forschung ist die erstrangige Aufgabe der Technischen Universit\u00e4t Braunschweig,&nbsp;hoch qualifizierten Nachwuchs auszubilden.&nbsp;Das sind in erster Linie die jungen Menschen, die sich nach ihrem Schulabschluss f\u00fcr ein wissenschaftliches Studium entscheiden. Neben der Ausbildung von Studierenden in rund 60 Studieng\u00e4ngen &hellip; <a href=\"https:\/\/physiklaboranten.de\/?page_id=17\">Weiterlesen <span class=\"meta-nav\">&rarr;<\/span><\/a><\/p>\n","protected":false},"author":8,"featured_media":0,"parent":11,"menu_order":0,"comment_status":"closed","ping_status":"closed","template":"","meta":{"footnotes":""},"class_list":["post-17","page","type-page","status-publish","hentry"],"_links":{"self":[{"href":"https:\/\/physiklaboranten.de\/index.php?rest_route=\/wp\/v2\/pages\/17","targetHints":{"allow":["GET"]}}],"collection":[{"href":"https:\/\/physiklaboranten.de\/index.php?rest_route=\/wp\/v2\/pages"}],"about":[{"href":"https:\/\/physiklaboranten.de\/index.php?rest_route=\/wp\/v2\/types\/page"}],"author":[{"embeddable":true,"href":"https:\/\/physiklaboranten.de\/index.php?rest_route=\/wp\/v2\/users\/8"}],"replies":[{"embeddable":true,"href":"https:\/\/physiklaboranten.de\/index.php?rest_route=%2Fwp%2Fv2%2Fcomments&post=17"}],"version-history":[{"count":7,"href":"https:\/\/physiklaboranten.de\/index.php?rest_route=\/wp\/v2\/pages\/17\/revisions"}],"predecessor-version":[{"id":1048,"href":"https:\/\/physiklaboranten.de\/index.php?rest_route=\/wp\/v2\/pages\/17\/revisions\/1048"}],"up":[{"embeddable":true,"href":"https:\/\/physiklaboranten.de\/index.php?rest_route=\/wp\/v2\/pages\/11"}],"wp:attachment":[{"href":"https:\/\/physiklaboranten.de\/index.php?rest_route=%2Fwp%2Fv2%2Fmedia&parent=17"}],"curies":[{"name":"wp","href":"https:\/\/api.w.org\/{rel}","templated":true}]}}