{"id":15,"date":"2018-08-10T08:51:03","date_gmt":"2018-08-10T08:51:03","guid":{"rendered":"http:\/\/physiklaboranten.wp.bs.fraunhofer.de\/?page_id=15"},"modified":"2023-08-18T10:03:42","modified_gmt":"2023-08-18T10:03:42","slug":"ptb-braunschweig","status":"publish","type":"page","link":"https:\/\/physiklaboranten.de\/?page_id=15","title":{"rendered":"Genauer kann keiner &#8211; PTB"},"content":{"rendered":"\n<p>Wie sp\u00e4t, wie gro\u00df, wie schwer? Schon mit unserer Geburt f\u00e4ngt das Messen an und h\u00f6rt nicht mehr auf. Ob Blutdruckmessen beim Arzt, Zeitnahme und Dopingkontrolle im Sport, Strom- und Wasserz\u00e4hler im Haushalt oder Schutz vor radioaktiver Strahlung \u2013 \u00fcberall im Leben vertrauen wir auf die Verl\u00e4sslichkeit von Messger\u00e4ten. Eine exakte Messtechnik ist die Basis unseres modernen Lebens und entscheidet mit dar\u00fcber, wie schnell und wie gut wir in Zukunft neue Technologien einsetzen werden, die uns und der Umwelt nutzen, wie z. B. Elektroautos, regenerative Energien, Nanotechnologie oder neue Krebstherapien. An all diesen Themen wird in der <a rel=\"noreferrer noopener\" href=\"https:\/\/www.ptb.de\/cms\/\" target=\"_blank\">Physikalisch-Technischen Bundesanstalt (PTB)<\/a> geforscht. Sie ist eine Meisterin in der Kunst des Messens, der Metrologie, und spielt dabei auch international in der ersten Liga. Das gelingt jedoch nur mit erstklassigen Mitarbeitenden, und daher legt die PTB gro\u00dfen Wert auf eine hochwertige <a rel=\"noreferrer noopener\" href=\"https:\/\/www.ptb.de\/cms\/ueber-uns-karriere\/karriere\/azubi-start.html\" target=\"_blank\">Ausbildung<\/a>. Hier sind \u00fcberwiegend hauptamtliche Ausbildende im Einsatz, die p\u00e4dagogisch und didaktisch gut geschult sind und den Auszubildenden nicht nur Fachwissen vermitteln, sondern auch dabei helfen, selbst\u00e4ndig zu arbeiten und ihre eigenen Schwerpunkte zu finden.<\/p>\n\n\n\n<h2 class=\"wp-block-heading\">Die PTB entwickelt Messtechnik und forscht in den Bereichen<\/h2>\n\n\n\n<ul class=\"wp-block-list\">\n<li>Energie<\/li>\n\n\n\n<li>Umwelt und Klima<\/li>\n\n\n\n<li>Neue Technologien<\/li>\n\n\n\n<li>Gesundheit<\/li>\n\n\n\n<li>Sicherheit und Gefahrenschutz<\/li>\n<\/ul>\n\n\n\n<h2 class=\"wp-block-heading\">Hightech-Institut mit langer Geschichte<\/h2>\n\n\n\n<p>Die Spitzenforschung der <a href=\"https:\/\/www.ptb.de\/cms\/ueber-uns-karriere\/ueber-uns\/fakten-zur-ptb.html\" target=\"_blank\" rel=\"noreferrer noopener\">PTB<\/a> blickt bereits auf eine lange Geschichte zur\u00fcck: Schon 1887 wurde ihre Vorl\u00e4uferin, die Physikalisch-Technische Reichsanstalt (PTR), in Berlin gegr\u00fcndet. Auch heute befinden sich zwei ihrer Abteilungen noch dort, doch die meisten der 2100 Mitarbeiterinnen und Mitarbeiter arbeiten am Brauschweiger Standort. Die PTB ist eine Bundesbeh\u00f6rde und hat einen Jahresetat von rund 260 Millionen Euro.<\/p>\n","protected":false},"excerpt":{"rendered":"<p>Wie sp\u00e4t, wie gro\u00df, wie schwer? Schon mit unserer Geburt f\u00e4ngt das Messen an und h\u00f6rt nicht mehr auf. Ob Blutdruckmessen beim Arzt, Zeitnahme und Dopingkontrolle im Sport, Strom- und Wasserz\u00e4hler im Haushalt oder Schutz vor radioaktiver Strahlung \u2013 \u00fcberall &hellip; <a href=\"https:\/\/physiklaboranten.de\/?page_id=15\">Weiterlesen <span class=\"meta-nav\">&rarr;<\/span><\/a><\/p>\n","protected":false},"author":8,"featured_media":0,"parent":11,"menu_order":0,"comment_status":"closed","ping_status":"closed","template":"","meta":{"footnotes":""},"class_list":["post-15","page","type-page","status-publish","hentry"],"_links":{"self":[{"href":"https:\/\/physiklaboranten.de\/index.php?rest_route=\/wp\/v2\/pages\/15","targetHints":{"allow":["GET"]}}],"collection":[{"href":"https:\/\/physiklaboranten.de\/index.php?rest_route=\/wp\/v2\/pages"}],"about":[{"href":"https:\/\/physiklaboranten.de\/index.php?rest_route=\/wp\/v2\/types\/page"}],"author":[{"embeddable":true,"href":"https:\/\/physiklaboranten.de\/index.php?rest_route=\/wp\/v2\/users\/8"}],"replies":[{"embeddable":true,"href":"https:\/\/physiklaboranten.de\/index.php?rest_route=%2Fwp%2Fv2%2Fcomments&post=15"}],"version-history":[{"count":15,"href":"https:\/\/physiklaboranten.de\/index.php?rest_route=\/wp\/v2\/pages\/15\/revisions"}],"predecessor-version":[{"id":1242,"href":"https:\/\/physiklaboranten.de\/index.php?rest_route=\/wp\/v2\/pages\/15\/revisions\/1242"}],"up":[{"embeddable":true,"href":"https:\/\/physiklaboranten.de\/index.php?rest_route=\/wp\/v2\/pages\/11"}],"wp:attachment":[{"href":"https:\/\/physiklaboranten.de\/index.php?rest_route=%2Fwp%2Fv2%2Fmedia&parent=15"}],"curies":[{"name":"wp","href":"https:\/\/api.w.org\/{rel}","templated":true}]}}